{"id":3522,"date":"2019-09-19T00:39:13","date_gmt":"2019-09-19T00:39:13","guid":{"rendered":"http:\/\/u-medicare.com\/?page_id=3522"},"modified":"2025-05-08T21:21:24","modified_gmt":"2025-05-08T21:21:24","slug":"dr-rosalio-rodriguez-madrigal-cirujano-general-puerto-vallarta-jal-mexico","status":"publish","type":"page","link":"https:\/\/u-medicare.com\/es\/dr-rosalio-rodriguez-madrigal-cirujano-general-puerto-vallarta-jal-mexico\/","title":{"rendered":"Dr. Rosalio Rodr\u00edguez Madrigal-Cirujano General Puerto Vallarta, Jal. M\u00e9xico"},"content":{"rendered":"<div data-elementor-type=\"wp-page\" data-elementor-id=\"3522\" class=\"elementor elementor-3522\" data-elementor-post-type=\"page\">\n\t\t\t\t<div class=\"elementor-element elementor-element-f6aef7f e-flex e-con-boxed e-con e-parent\" data-id=\"f6aef7f\" data-element_type=\"container\" data-e-type=\"container\">\n\t\t\t\t\t<div class=\"e-con-inner\">\n\t\t\t\t<div class=\"elementor-element elementor-element-026eb8a elementor-widget elementor-widget-heading\" data-id=\"026eb8a\" data-element_type=\"widget\" data-e-type=\"widget\" data-widget_type=\"heading.default\">\n\t\t\t\t<div class=\"elementor-widget-container\">\n\t\t\t\t\t<h2 class=\"elementor-heading-title elementor-size-default\">Cirujano General &amp; Gastro - Dr. Rosalio Rodriguez Madrigal\n\n\n<\/h2>\t\t\t\t<\/div>\n\t\t\t\t<\/div>\n\t\t\t\t\t<\/div>\n\t\t\t\t<\/div>\n\t\t<div class=\"elementor-element elementor-element-46d593c e-flex e-con-boxed e-con e-parent\" data-id=\"46d593c\" data-element_type=\"container\" data-e-type=\"container\">\n\t\t\t\t\t<div class=\"e-con-inner\">\n\t\t\t\t<div class=\"elementor-element elementor-element-752b17d elementor-widget elementor-widget-text-editor\" data-id=\"752b17d\" data-element_type=\"widget\" data-e-type=\"widget\" data-widget_type=\"text-editor.default\">\n\t\t\t\t<div class=\"elementor-widget-container\">\n\t\t\t\t\t\t\t\t\t<h3 style=\"text-align: center;\"><span style=\"color: #999999;\">Certificado por la Asociaci\u00f3n Mexicana de Cirugia General<\/span><\/h3>\t\t\t\t\t\t\t\t<\/div>\n\t\t\t\t<\/div>\n\t\t\t\t\t<\/div>\n\t\t\t\t<\/div>\n\t\t<div class=\"elementor-element elementor-element-59e9575 e-flex e-con-boxed e-con e-parent\" data-id=\"59e9575\" data-element_type=\"container\" data-e-type=\"container\">\n\t\t\t\t\t<div class=\"e-con-inner\">\n\t\t\t\t<div class=\"elementor-element elementor-element-061a4e0 elementor-widget-divider--view-line elementor-widget elementor-widget-divider\" data-id=\"061a4e0\" data-element_type=\"widget\" data-e-type=\"widget\" data-widget_type=\"divider.default\">\n\t\t\t\t<div class=\"elementor-widget-container\">\n\t\t\t\t\t\t\t<div class=\"elementor-divider\">\n\t\t\t<span class=\"elementor-divider-separator\">\n\t\t\t\t\t\t<\/span>\n\t\t<\/div>\n\t\t\t\t\t\t<\/div>\n\t\t\t\t<\/div>\n\t\t\t\t\t<\/div>\n\t\t\t\t<\/div>\n\t\t<div class=\"elementor-element elementor-element-cbecc83 e-flex e-con-boxed e-con e-parent\" data-id=\"cbecc83\" data-element_type=\"container\" data-e-type=\"container\">\n\t\t\t\t\t<div class=\"e-con-inner\">\n\t\t\t\t<div class=\"elementor-element elementor-element-0f302c4 elementor-widget elementor-widget-image\" data-id=\"0f302c4\" data-element_type=\"widget\" data-e-type=\"widget\" data-widget_type=\"image.default\">\n\t\t\t\t<div class=\"elementor-widget-container\">\n\t\t\t\t\t\t\t\t\t\t\t\t\t\t\t<img fetchpriority=\"high\" decoding=\"async\" width=\"1024\" height=\"427\" src=\"https:\/\/u-medicare.com\/wp-content\/uploads\/2023\/09\/gastroenterology-excellence-promoting-optimal-digestive-health-1024x427.jpg\" class=\"attachment-large size-large wp-image-4555\" alt=\"\" srcset=\"https:\/\/u-medicare.com\/wp-content\/uploads\/2023\/09\/gastroenterology-excellence-promoting-optimal-digestive-health-1024x427.jpg 1024w, https:\/\/u-medicare.com\/wp-content\/uploads\/2023\/09\/gastroenterology-excellence-promoting-optimal-digestive-health-300x125.jpg 300w, https:\/\/u-medicare.com\/wp-content\/uploads\/2023\/09\/gastroenterology-excellence-promoting-optimal-digestive-health-768x320.jpg 768w, https:\/\/u-medicare.com\/wp-content\/uploads\/2023\/09\/gastroenterology-excellence-promoting-optimal-digestive-health-18x8.jpg 18w, https:\/\/u-medicare.com\/wp-content\/uploads\/2023\/09\/gastroenterology-excellence-promoting-optimal-digestive-health.jpg 1200w\" sizes=\"(max-width: 1024px) 100vw, 1024px\" \/>\t\t\t\t\t\t\t\t\t\t\t\t\t\t\t<\/div>\n\t\t\t\t<\/div>\n\t\t\t\t<div class=\"elementor-element elementor-element-f59b83c elementor-widget elementor-widget-text-editor\" data-id=\"f59b83c\" data-element_type=\"widget\" data-e-type=\"widget\" data-widget_type=\"text-editor.default\">\n\t\t\t\t<div class=\"elementor-widget-container\">\n\t\t\t\t\t\t\t\t\t<blockquote><h2 style=\"text-align: center;\"><span style=\"color: #808080;\">Atenci\u00f3n Especializada de Enfermedades Gastrointestinales<\/span><\/h2><hr \/><h3>\u00a0<\/h3><h3 style=\"text-align: center;\"><span style=\"color: #808080;\">Tratamientos Conservadores y Quir\u00fargicos<\/span><\/h3><p style=\"text-align: center;\">Especialista que brindan atenci\u00f3n especializada en enfermedades gastrointestinales, con experiencia en el diagn\u00f3stico, tratamiento y manejo de afecciones que afectan el sistema digestivo. El Dr. Rosalio Rodr\u00edguez cuenta con formaci\u00f3n especializada en afecciones que afectan el es\u00f3fago, el est\u00f3mago, los intestinos, el h\u00edgado, el p\u00e1ncreas, el colon y el recto.<\/p><\/blockquote>\t\t\t\t\t\t\t\t<\/div>\n\t\t\t\t<\/div>\n\t\t\t\t\t<\/div>\n\t\t\t\t<\/div>\n\t\t<div class=\"elementor-element elementor-element-3bd14cd e-flex e-con-boxed e-con e-parent\" data-id=\"3bd14cd\" data-element_type=\"container\" data-e-type=\"container\">\n\t\t\t\t\t<div class=\"e-con-inner\">\n\t\t<div class=\"elementor-element elementor-element-18ffa70 e-con-full e-flex e-con e-child\" data-id=\"18ffa70\" data-element_type=\"container\" data-e-type=\"container\">\n\t\t\t\t<div class=\"elementor-element elementor-element-58a1a39 elementor-icon-list--layout-traditional elementor-list-item-link-full_width elementor-widget elementor-widget-icon-list\" data-id=\"58a1a39\" data-element_type=\"widget\" data-e-type=\"widget\" data-widget_type=\"icon-list.default\">\n\t\t\t\t<div class=\"elementor-widget-container\">\n\t\t\t\t\t\t\t<ul class=\"elementor-icon-list-items\">\n\t\t\t\t\t\t\t<li class=\"elementor-icon-list-item\">\n\t\t\t\t\t\t\t\t\t\t\t<span class=\"elementor-icon-list-icon\">\n\t\t\t\t\t\t\t<i aria-hidden=\"true\" class=\"fas fa-check\"><\/i>\t\t\t\t\t\t<\/span>\n\t\t\t\t\t\t\t\t\t\t<span class=\"elementor-icon-list-text\">CONSTIPACI\u00d3N <\/span>\n\t\t\t\t\t\t\t\t\t<\/li>\n\t\t\t\t\t\t\t\t<li class=\"elementor-icon-list-item\">\n\t\t\t\t\t\t\t\t\t\t\t<span class=\"elementor-icon-list-icon\">\n\t\t\t\t\t\t\t<i aria-hidden=\"true\" class=\"fas fa-check\"><\/i>\t\t\t\t\t\t<\/span>\n\t\t\t\t\t\t\t\t\t\t<span class=\"elementor-icon-list-text\">VES\u00cdCULA BILIAR<\/span>\n\t\t\t\t\t\t\t\t\t<\/li>\n\t\t\t\t\t\t\t\t<li class=\"elementor-icon-list-item\">\n\t\t\t\t\t\t\t\t\t\t\t<span class=\"elementor-icon-list-icon\">\n\t\t\t\t\t\t\t<i aria-hidden=\"true\" class=\"fas fa-check\"><\/i>\t\t\t\t\t\t<\/span>\n\t\t\t\t\t\t\t\t\t\t<span class=\"elementor-icon-list-text\">HEMORROIDES<\/span>\n\t\t\t\t\t\t\t\t\t<\/li>\n\t\t\t\t\t\t\t\t<li class=\"elementor-icon-list-item\">\n\t\t\t\t\t\t\t\t\t\t\t<span class=\"elementor-icon-list-icon\">\n\t\t\t\t\t\t\t<i aria-hidden=\"true\" class=\"fas fa-check\"><\/i>\t\t\t\t\t\t<\/span>\n\t\t\t\t\t\t\t\t\t\t<span class=\"elementor-icon-list-text\">APENDICITIS<\/span>\n\t\t\t\t\t\t\t\t\t<\/li>\n\t\t\t\t\t\t<\/ul>\n\t\t\t\t\t\t<\/div>\n\t\t\t\t<\/div>\n\t\t\t\t<\/div>\n\t\t<div class=\"elementor-element elementor-element-66843a8 e-con-full e-flex e-con e-child\" data-id=\"66843a8\" data-element_type=\"container\" data-e-type=\"container\">\n\t\t\t\t<div class=\"elementor-element elementor-element-f17ed40 elementor-icon-list--layout-traditional elementor-list-item-link-full_width elementor-widget elementor-widget-icon-list\" data-id=\"f17ed40\" data-element_type=\"widget\" data-e-type=\"widget\" data-widget_type=\"icon-list.default\">\n\t\t\t\t<div class=\"elementor-widget-container\">\n\t\t\t\t\t\t\t<ul class=\"elementor-icon-list-items\">\n\t\t\t\t\t\t\t<li class=\"elementor-icon-list-item\">\n\t\t\t\t\t\t\t\t\t\t\t<span class=\"elementor-icon-list-icon\">\n\t\t\t\t\t\t\t<i aria-hidden=\"true\" class=\"fas fa-check\"><\/i>\t\t\t\t\t\t<\/span>\n\t\t\t\t\t\t\t\t\t\t<span class=\"elementor-icon-list-text\">COLITIS<\/span>\n\t\t\t\t\t\t\t\t\t<\/li>\n\t\t\t\t\t\t\t\t<li class=\"elementor-icon-list-item\">\n\t\t\t\t\t\t\t\t\t\t\t<span class=\"elementor-icon-list-icon\">\n\t\t\t\t\t\t\t<i aria-hidden=\"true\" class=\"fas fa-check\"><\/i>\t\t\t\t\t\t<\/span>\n\t\t\t\t\t\t\t\t\t\t<span class=\"elementor-icon-list-text\">COLON<\/span>\n\t\t\t\t\t\t\t\t\t<\/li>\n\t\t\t\t\t\t\t\t<li class=\"elementor-icon-list-item\">\n\t\t\t\t\t\t\t\t\t\t\t<span class=\"elementor-icon-list-icon\">\n\t\t\t\t\t\t\t<i aria-hidden=\"true\" class=\"fas fa-check\"><\/i>\t\t\t\t\t\t<\/span>\n\t\t\t\t\t\t\t\t\t\t<span class=\"elementor-icon-list-text\">HERNIAS<\/span>\n\t\t\t\t\t\t\t\t\t<\/li>\n\t\t\t\t\t\t\t\t<li class=\"elementor-icon-list-item\">\n\t\t\t\t\t\t\t\t\t\t\t<span class=\"elementor-icon-list-icon\">\n\t\t\t\t\t\t\t<i aria-hidden=\"true\" class=\"fas fa-check\"><\/i>\t\t\t\t\t\t<\/span>\n\t\t\t\t\t\t\t\t\t\t<span class=\"elementor-icon-list-text\">GASTRITIS<\/span>\n\t\t\t\t\t\t\t\t\t<\/li>\n\t\t\t\t\t\t<\/ul>\n\t\t\t\t\t\t<\/div>\n\t\t\t\t<\/div>\n\t\t\t\t<\/div>\n\t\t\t\t\t<\/div>\n\t\t\t\t<\/div>\n\t\t<div class=\"elementor-element elementor-element-e70b0e5 e-flex e-con-boxed e-con e-parent\" data-id=\"e70b0e5\" data-element_type=\"container\" data-e-type=\"container\">\n\t\t\t\t\t<div class=\"e-con-inner\">\n\t\t\t\t<div class=\"elementor-element elementor-element-56b1511 elementor-widget elementor-widget-text-editor\" data-id=\"56b1511\" data-element_type=\"widget\" data-e-type=\"widget\" data-widget_type=\"text-editor.default\">\n\t\t\t\t<div class=\"elementor-widget-container\">\n\t\t\t\t\t\t\t\t\t<blockquote><h2 style=\"text-align: center;\"><span style=\"color: #808080;\">T\u00e9cnicas avanzadas como endoscopia, colonoscopia y otros procedimientos de im\u00e1genes para diagnosticar con precisi\u00f3n trastornos gastrointestinales.<\/span><\/h2><p>\u00a0<\/p><hr \/><h2>\u00a0<\/h2><h2 style=\"text-align: center;\"><span style=\"color: #808080;\">Desarrollar planes de tratamiento individualizados, considerando factores como el estilo de vida, la dieta y la medicaci\u00f3n, para manejar eficazmente diversas afecciones gastrointestinales. <\/span><\/h2><\/blockquote>\t\t\t\t\t\t\t\t<\/div>\n\t\t\t\t<\/div>\n\t\t\t\t\t<\/div>\n\t\t\t\t<\/div>\n\t\t<div class=\"elementor-element elementor-element-0c9abc5 e-flex e-con-boxed e-con e-parent\" data-id=\"0c9abc5\" data-element_type=\"container\" data-e-type=\"container\">\n\t\t\t\t\t<div class=\"e-con-inner\">\n\t\t\t\t<div class=\"elementor-element elementor-element-eb299a9 elementor-widget-divider--view-line elementor-widget elementor-widget-divider\" data-id=\"eb299a9\" data-element_type=\"widget\" data-e-type=\"widget\" data-widget_type=\"divider.default\">\n\t\t\t\t<div class=\"elementor-widget-container\">\n\t\t\t\t\t\t\t<div class=\"elementor-divider\">\n\t\t\t<span class=\"elementor-divider-separator\">\n\t\t\t\t\t\t<\/span>\n\t\t<\/div>\n\t\t\t\t\t\t<\/div>\n\t\t\t\t<\/div>\n\t\t\t\t\t<\/div>\n\t\t\t\t<\/div>\n\t\t<div class=\"elementor-element elementor-element-5f013dc e-flex e-con-boxed e-con e-parent\" data-id=\"5f013dc\" data-element_type=\"container\" data-e-type=\"container\">\n\t\t\t\t\t<div class=\"e-con-inner\">\n\t\t\t\t<div class=\"elementor-element elementor-element-19d5edc elementor-widget elementor-widget-image\" data-id=\"19d5edc\" data-element_type=\"widget\" data-e-type=\"widget\" data-widget_type=\"image.default\">\n\t\t\t\t<div class=\"elementor-widget-container\">\n\t\t\t\t\t\t\t\t\t\t\t\t\t\t\t<img decoding=\"async\" width=\"1024\" height=\"1024\" src=\"http:\/\/u-medicare.com\/wp-content\/uploads\/2025\/05\/Untitled-Design-26.jpeg\" class=\"attachment-large size-large wp-image-5978\" alt=\"\" srcset=\"https:\/\/u-medicare.com\/wp-content\/uploads\/2025\/05\/Untitled-Design-26.jpeg 1728w, https:\/\/u-medicare.com\/wp-content\/uploads\/2025\/05\/Untitled-Design-26-300x300.jpeg 300w, https:\/\/u-medicare.com\/wp-content\/uploads\/2025\/05\/Untitled-Design-26-1024x1024.jpeg 1024w, https:\/\/u-medicare.com\/wp-content\/uploads\/2025\/05\/Untitled-Design-26-150x150.jpeg 150w, https:\/\/u-medicare.com\/wp-content\/uploads\/2025\/05\/Untitled-Design-26-768x768.jpeg 768w, https:\/\/u-medicare.com\/wp-content\/uploads\/2025\/05\/Untitled-Design-26-1536x1536.jpeg 1536w, https:\/\/u-medicare.com\/wp-content\/uploads\/2025\/05\/Untitled-Design-26-12x12.jpeg 12w\" sizes=\"(max-width: 1024px) 100vw, 1024px\" \/>\t\t\t\t\t\t\t\t\t\t\t\t\t\t\t<\/div>\n\t\t\t\t<\/div>\n\t\t\t\t\t<\/div>\n\t\t\t\t<\/div>\n\t\t<div class=\"elementor-element elementor-element-44614bb e-flex e-con-boxed e-con e-parent\" data-id=\"44614bb\" data-element_type=\"container\" data-e-type=\"container\">\n\t\t\t\t\t<div class=\"e-con-inner\">\n\t\t\t\t<div class=\"elementor-element elementor-element-6459a19 elementor-widget elementor-widget-text-editor\" data-id=\"6459a19\" data-element_type=\"widget\" data-e-type=\"widget\" data-widget_type=\"text-editor.default\">\n\t\t\t\t<div class=\"elementor-widget-container\">\n\t\t\t\t\t\t\t\t\t<blockquote><h2 style=\"text-align: center;\"><span style=\"color: #808080;\">Especialidad quir\u00fargica enfocada en el diagn\u00f3stico y tratamiento de enfermedades y lesiones del abdomen, mama, cabeza y cuello, as\u00ed como del tracto digestivo y los vasos sangu\u00edneos.\u00a0<\/span><\/h2><\/blockquote>\t\t\t\t\t\t\t\t<\/div>\n\t\t\t\t<\/div>\n\t\t\t\t\t<\/div>\n\t\t\t\t<\/div>\n\t\t<div class=\"elementor-element elementor-element-fe7d590 e-flex e-con-boxed e-con e-parent\" data-id=\"fe7d590\" data-element_type=\"container\" data-e-type=\"container\">\n\t\t\t\t\t<div class=\"e-con-inner\">\n\t\t\t\t<div class=\"elementor-element elementor-element-03d119b elementor-widget elementor-widget-heading\" data-id=\"03d119b\" data-element_type=\"widget\" data-e-type=\"widget\" data-widget_type=\"heading.default\">\n\t\t\t\t<div class=\"elementor-widget-container\">\n\t\t\t\t\t<h2 class=\"elementor-heading-title elementor-size-default\">Haga una cita con un cirujano general y gastroenter\u00f3logo<\/h2>\t\t\t\t<\/div>\n\t\t\t\t<\/div>\n\t\t\t\t<div class=\"elementor-element elementor-element-fe251ae elementor-widget elementor-widget-text-editor\" data-id=\"fe251ae\" data-element_type=\"widget\" data-e-type=\"widget\" data-widget_type=\"text-editor.default\">\n\t\t\t\t<div class=\"elementor-widget-container\">\n\t\t\t\t\t\t\t\t\t<h2 style=\"text-align: center;\"><span style=\"color: #808080;\">DR. ROSALIO RODRIGUEZ MADRIGAL<\/span><\/h2>\t\t\t\t\t\t\t\t<\/div>\n\t\t\t\t<\/div>\n\t\t\t\t\t<\/div>\n\t\t\t\t<\/div>\n\t\t<div class=\"elementor-element elementor-element-b679dff e-flex e-con-boxed e-con e-parent\" data-id=\"b679dff\" data-element_type=\"container\" data-e-type=\"container\">\n\t\t\t\t\t<div class=\"e-con-inner\">\n\t\t<div class=\"elementor-element elementor-element-1d7d003 e-con-full e-flex e-con e-child\" data-id=\"1d7d003\" data-element_type=\"container\" data-e-type=\"container\">\n\t\t\t\t<div class=\"elementor-element elementor-element-c9fd5f7 elementor-icon-list--layout-traditional elementor-list-item-link-full_width elementor-widget elementor-widget-icon-list\" data-id=\"c9fd5f7\" data-element_type=\"widget\" data-e-type=\"widget\" data-widget_type=\"icon-list.default\">\n\t\t\t\t<div class=\"elementor-widget-container\">\n\t\t\t\t\t\t\t<ul class=\"elementor-icon-list-items\">\n\t\t\t\t\t\t\t<li class=\"elementor-icon-list-item\">\n\t\t\t\t\t\t\t\t\t\t\t<span class=\"elementor-icon-list-icon\">\n\t\t\t\t\t\t\t<i aria-hidden=\"true\" class=\"fas fa-home\"><\/i>\t\t\t\t\t\t<\/span>\n\t\t\t\t\t\t\t\t\t\t<span class=\"elementor-icon-list-text\">GRUPO DIAGNOSTI-K<\/span>\n\t\t\t\t\t\t\t\t\t<\/li>\n\t\t\t\t\t\t\t\t<li class=\"elementor-icon-list-item\">\n\t\t\t\t\t\t\t\t\t\t\t<span class=\"elementor-icon-list-icon\">\n\t\t\t\t\t\t\t<i aria-hidden=\"true\" class=\"fas fa-home\"><\/i>\t\t\t\t\t\t<\/span>\n\t\t\t\t\t\t\t\t\t\t<span class=\"elementor-icon-list-text\">Av. Francisco Villa No. 1389 - A Col. Fluvial Vallarta - Puerto Vallarta - Jalisco<\/span>\n\t\t\t\t\t\t\t\t\t<\/li>\n\t\t\t\t\t\t\t\t<li class=\"elementor-icon-list-item\">\n\t\t\t\t\t\t\t\t\t\t\t<span class=\"elementor-icon-list-icon\">\n\t\t\t\t\t\t\t<i aria-hidden=\"true\" class=\"fas fa-phone\"><\/i>\t\t\t\t\t\t<\/span>\n\t\t\t\t\t\t\t\t\t\t<span class=\"elementor-icon-list-text\">(+52) 322 229 03 10<\/span>\n\t\t\t\t\t\t\t\t\t<\/li>\n\t\t\t\t\t\t\t\t<li class=\"elementor-icon-list-item\">\n\t\t\t\t\t\t\t\t\t\t\t<span class=\"elementor-icon-list-icon\">\n\t\t\t\t\t\t\t<i aria-hidden=\"true\" class=\"fas fa-clock\"><\/i>\t\t\t\t\t\t<\/span>\n\t\t\t\t\t\t\t\t\t\t<span class=\"elementor-icon-list-text\">Dias y horarios de consulta<\/span>\n\t\t\t\t\t\t\t\t\t<\/li>\n\t\t\t\t\t\t\t\t<li class=\"elementor-icon-list-item\">\n\t\t\t\t\t\t\t\t\t\t\t<span class=\"elementor-icon-list-icon\">\n\t\t\t\t\t\t\t<i aria-hidden=\"true\" class=\"fas fa-user-clock\"><\/i>\t\t\t\t\t\t<\/span>\n\t\t\t\t\t\t\t\t\t\t<span class=\"elementor-icon-list-text\">Lunes, mi\u00e9rcoles y viernes de 17:00 a 20:00 horas.<\/span>\n\t\t\t\t\t\t\t\t\t<\/li>\n\t\t\t\t\t\t<\/ul>\n\t\t\t\t\t\t<\/div>\n\t\t\t\t<\/div>\n\t\t\t\t<\/div>\n\t\t<div class=\"elementor-element elementor-element-2b8f830 e-con-full e-flex e-con e-child\" data-id=\"2b8f830\" data-element_type=\"container\" data-e-type=\"container\">\n\t\t\t\t<div class=\"elementor-element elementor-element-104dc12 elementor-widget elementor-widget-image\" data-id=\"104dc12\" data-element_type=\"widget\" data-e-type=\"widget\" data-widget_type=\"image.default\">\n\t\t\t\t<div class=\"elementor-widget-container\">\n\t\t\t\t\t\t\t\t\t\t\t\t\t\t\t<img decoding=\"async\" width=\"928\" height=\"419\" src=\"https:\/\/u-medicare.com\/wp-content\/uploads\/2025\/05\/diagnosti-k-puerto-vallarta.jpg\" class=\"attachment-large size-large wp-image-5979\" alt=\"\" srcset=\"https:\/\/u-medicare.com\/wp-content\/uploads\/2025\/05\/diagnosti-k-puerto-vallarta.jpg 928w, https:\/\/u-medicare.com\/wp-content\/uploads\/2025\/05\/diagnosti-k-puerto-vallarta-300x135.jpg 300w, https:\/\/u-medicare.com\/wp-content\/uploads\/2025\/05\/diagnosti-k-puerto-vallarta-768x347.jpg 768w, https:\/\/u-medicare.com\/wp-content\/uploads\/2025\/05\/diagnosti-k-puerto-vallarta-18x8.jpg 18w\" sizes=\"(max-width: 928px) 100vw, 928px\" \/>\t\t\t\t\t\t\t\t\t\t\t\t\t\t\t<\/div>\n\t\t\t\t<\/div>\n\t\t\t\t<\/div>\n\t\t\t\t\t<\/div>\n\t\t\t\t<\/div>\n\t\t\t\t<\/div>","protected":false},"excerpt":{"rendered":"<p>General Surgery &#8211; Dr. Rosalio Rodriguez Madrigal Board Certified Mexican General Surgery Specialized Attention of Gastrointestinal Diseases \u00a0 Conservative and Surgical Treatments. Specialists who provide focused care for gastrointestinal diseases, offering expertise in diagnosing, treating, and managing conditions affecting the digestive system. Dr. Rosalio Rodriguez is specialized training in conditions affecting the esophagus, stomach, intestines, &hellip;<\/p>\n<p class=\"read-more\"> <a class=\"\" href=\"https:\/\/u-medicare.com\/es\/dr-rosalio-rodriguez-madrigal-cirujano-general-puerto-vallarta-jal-mexico\/\"> <span class=\"screen-reader-text\">Dr. Rosalio Rodr\u00edguez Madrigal-Cirujano General Puerto Vallarta, Jal. M\u00e9xico<\/span> Leer m\u00e1s &raquo;<\/a><\/p>","protected":false},"author":1,"featured_media":0,"parent":0,"menu_order":0,"comment_status":"closed","ping_status":"closed","template":"","meta":{"site-sidebar-layout":"default","site-content-layout":"","ast-site-content-layout":"","site-content-style":"default","site-sidebar-style":"default","ast-global-header-display":"","ast-banner-title-visibility":"","ast-main-header-display":"","ast-hfb-above-header-display":"","ast-hfb-below-header-display":"","ast-hfb-mobile-header-display":"","site-post-title":"","ast-breadcrumbs-content":"","ast-featured-img":"","footer-sml-layout":"","theme-transparent-header-meta":"","adv-header-id-meta":"","stick-header-meta":"","header-above-stick-meta":"","header-main-stick-meta":"","header-below-stick-meta":"","astra-migrate-meta-layouts":"","footnotes":""},"class_list":["post-3522","page","type-page","status-publish","hentry"],"_links":{"self":[{"href":"https:\/\/u-medicare.com\/es\/wp-json\/wp\/v2\/pages\/3522","targetHints":{"allow":["GET"]}}],"collection":[{"href":"https:\/\/u-medicare.com\/es\/wp-json\/wp\/v2\/pages"}],"about":[{"href":"https:\/\/u-medicare.com\/es\/wp-json\/wp\/v2\/types\/page"}],"author":[{"embeddable":true,"href":"https:\/\/u-medicare.com\/es\/wp-json\/wp\/v2\/users\/1"}],"replies":[{"embeddable":true,"href":"https:\/\/u-medicare.com\/es\/wp-json\/wp\/v2\/comments?post=3522"}],"version-history":[{"count":15,"href":"https:\/\/u-medicare.com\/es\/wp-json\/wp\/v2\/pages\/3522\/revisions"}],"predecessor-version":[{"id":5986,"href":"https:\/\/u-medicare.com\/es\/wp-json\/wp\/v2\/pages\/3522\/revisions\/5986"}],"wp:attachment":[{"href":"https:\/\/u-medicare.com\/es\/wp-json\/wp\/v2\/media?parent=3522"}],"curies":[{"name":"wp","href":"https:\/\/api.w.org\/{rel}","templated":true}]}}